{"id":311,"date":"2025-04-15T10:13:05","date_gmt":"2025-04-15T08:13:05","guid":{"rendered":"https:\/\/immobilien-lindstedt-2.bendit.de\/unterlagen-fuer-den-immobilienverkauf\/"},"modified":"2025-04-15T10:13:29","modified_gmt":"2025-04-15T08:13:29","slug":"unterlagen-fuer-den-immobilienverkauf","status":"publish","type":"page","link":"https:\/\/immobilien-lindstedt-2.bendit.de\/en\/documents-for-the-sale-of-real-estate\/","title":{"rendered":"Documents for real estate sales"},"content":{"rendered":"<div data-elementor-type=\"wp-page\" data-elementor-id=\"311\" class=\"elementor elementor-311\" data-elementor-post-type=\"page\">\n\t\t\t\t\t\t<section class=\"elementor-section elementor-top-section elementor-element elementor-element-61fe8cb8 elementor-section-boxed elementor-section-height-default elementor-section-height-default\" data-id=\"61fe8cb8\" data-element_type=\"section\">\n\t\t\t\t\t\t<div class=\"elementor-container elementor-column-gap-default\">\n\t\t\t\t\t<div class=\"elementor-column elementor-col-50 elementor-top-column elementor-element elementor-element-5c23304a\" data-id=\"5c23304a\" data-element_type=\"column\">\n\t\t\t<div class=\"elementor-widget-wrap elementor-element-populated\">\n\t\t\t\t\t\t<div class=\"elementor-element elementor-element-16d9cacd elementor-widget elementor-widget-heading\" data-id=\"16d9cacd\" data-element_type=\"widget\" data-widget_type=\"heading.default\">\n\t\t\t\t<div class=\"elementor-widget-container\">\n\t\t\t\t\t<div class=\"elementor-heading-title elementor-size-default\">Personal PDF download<\/div>\t\t\t\t<\/div>\n\t\t\t\t<\/div>\n\t\t\t\t<div class=\"elementor-element elementor-element-5101015 elementor-widget elementor-widget-heading\" data-id=\"5101015\" data-element_type=\"widget\" data-widget_type=\"heading.default\">\n\t\t\t\t<div class=\"elementor-widget-container\">\n\t\t\t\t\t<h5 class=\"elementor-heading-title elementor-size-default\">Selling real estate? Provide these documents!<\/h5>\t\t\t\t<\/div>\n\t\t\t\t<\/div>\n\t\t\t\t<div class=\"elementor-element elementor-element-6fbf5774 elementor-widget elementor-widget-text-editor\" data-id=\"6fbf5774\" data-element_type=\"widget\" data-widget_type=\"text-editor.default\">\n\t\t\t\t<div class=\"elementor-widget-container\">\n\t\t\t\t\t\t\t\t\t<p>Some documents are particularly important for the sale of your property. With this checklist, you will know exactly which documents you should provide.<\/p>\t\t\t\t\t\t\t\t<\/div>\n\t\t\t\t<\/div>\n\t\t\t\t<div class=\"elementor-element elementor-element-798c3b39 elementor-widget elementor-widget-image\" data-id=\"798c3b39\" data-element_type=\"widget\" data-widget_type=\"image.default\">\n\t\t\t\t<div class=\"elementor-widget-container\">\n\t\t\t\t\t\t\t\t\t\t\t\t\t\t\t<img fetchpriority=\"high\" decoding=\"async\" width=\"300\" height=\"300\" src=\"https:\/\/immobilien-lindstedt-2.bendit.de\/wp-content\/uploads\/2025\/04\/BOTTIMMO-GWsocialbild-Checkliste-unterlagen-fuer-den-verkauf_Version-1_2021-01-15-300x300.jpeg\" class=\"attachment-medium size-medium wp-image-312\" alt=\"\" srcset=\"https:\/\/immobilien-lindstedt-2.bendit.de\/wp-content\/uploads\/2025\/04\/BOTTIMMO-GWsocialbild-Checkliste-unterlagen-fuer-den-verkauf_Version-1_2021-01-15-300x300.jpeg 300w, https:\/\/immobilien-lindstedt-2.bendit.de\/wp-content\/uploads\/2025\/04\/BOTTIMMO-GWsocialbild-Checkliste-unterlagen-fuer-den-verkauf_Version-1_2021-01-15-1024x1024.jpeg 1024w, https:\/\/immobilien-lindstedt-2.bendit.de\/wp-content\/uploads\/2025\/04\/BOTTIMMO-GWsocialbild-Checkliste-unterlagen-fuer-den-verkauf_Version-1_2021-01-15-150x150.jpeg 150w, https:\/\/immobilien-lindstedt-2.bendit.de\/wp-content\/uploads\/2025\/04\/BOTTIMMO-GWsocialbild-Checkliste-unterlagen-fuer-den-verkauf_Version-1_2021-01-15-768x768.jpeg 768w, https:\/\/immobilien-lindstedt-2.bendit.de\/wp-content\/uploads\/2025\/04\/BOTTIMMO-GWsocialbild-Checkliste-unterlagen-fuer-den-verkauf_Version-1_2021-01-15-12x12.jpeg 12w, https:\/\/immobilien-lindstedt-2.bendit.de\/wp-content\/uploads\/2025\/04\/BOTTIMMO-GWsocialbild-Checkliste-unterlagen-fuer-den-verkauf_Version-1_2021-01-15-700x700.jpeg 700w, https:\/\/immobilien-lindstedt-2.bendit.de\/wp-content\/uploads\/2025\/04\/BOTTIMMO-GWsocialbild-Checkliste-unterlagen-fuer-den-verkauf_Version-1_2021-01-15-780x780.jpeg 780w, https:\/\/immobilien-lindstedt-2.bendit.de\/wp-content\/uploads\/2025\/04\/BOTTIMMO-GWsocialbild-Checkliste-unterlagen-fuer-den-verkauf_Version-1_2021-01-15-600x600.jpeg 600w, https:\/\/immobilien-lindstedt-2.bendit.de\/wp-content\/uploads\/2025\/04\/BOTTIMMO-GWsocialbild-Checkliste-unterlagen-fuer-den-verkauf_Version-1_2021-01-15-496x496.jpeg 496w, https:\/\/immobilien-lindstedt-2.bendit.de\/wp-content\/uploads\/2025\/04\/BOTTIMMO-GWsocialbild-Checkliste-unterlagen-fuer-den-verkauf_Version-1_2021-01-15.jpeg 1200w\" sizes=\"(max-width: 300px) 100vw, 300px\" \/>\t\t\t\t\t\t\t\t\t\t\t\t\t\t\t<\/div>\n\t\t\t\t<\/div>\n\t\t\t\t\t<\/div>\n\t\t<\/div>\n\t\t\t\t<div class=\"elementor-column elementor-col-50 elementor-top-column elementor-element elementor-element-557bcbd8\" data-id=\"557bcbd8\" data-element_type=\"column\">\n\t\t\t<div class=\"elementor-widget-wrap elementor-element-populated\">\n\t\t\t\t\t\t<div class=\"elementor-element elementor-element-563915d2 elementor-widget elementor-widget-heading\" data-id=\"563915d2\" data-element_type=\"widget\" data-widget_type=\"heading.default\">\n\t\t\t\t<div class=\"elementor-widget-container\">\n\t\t\t\t\t<div class=\"elementor-heading-title elementor-size-default\">Current expert knowledge<\/div>\t\t\t\t<\/div>\n\t\t\t\t<\/div>\n\t\t\t\t<div class=\"elementor-element elementor-element-44c214fe elementor-widget elementor-widget-heading\" data-id=\"44c214fe\" data-element_type=\"widget\" data-widget_type=\"heading.default\">\n\t\t\t\t<div class=\"elementor-widget-container\">\n\t\t\t\t\t<h5 class=\"elementor-heading-title elementor-size-default\">In this checklist you will find out:<\/h5>\t\t\t\t<\/div>\n\t\t\t\t<\/div>\n\t\t\t\t<div class=\"elementor-element elementor-element-6eae3a2c checkliste elementor-widget elementor-widget-text-editor\" data-id=\"6eae3a2c\" data-element_type=\"widget\" data-settings=\"{&quot;_animation&quot;:&quot;none&quot;}\" data-widget_type=\"text-editor.default\">\n\t\t\t\t<div class=\"elementor-widget-container\">\n\t\t\t\t\t\t\t\t\t<ul><li>which documents you need for the sale.<\/li><li>where you can request the necessary documents.<\/li><\/ul>\t\t\t\t\t\t\t\t<\/div>\n\t\t\t\t<\/div>\n\t\t\t\t<div class=\"elementor-element elementor-element-3e6f617f elementor-widget elementor-widget-text-editor\" data-id=\"3e6f617f\" data-element_type=\"widget\" data-widget_type=\"text-editor.default\">\n\t\t\t\t<div class=\"elementor-widget-container\">\n\t\t\t\t\t\t\t\t\t<p>Take precautions at an early stage by compiling documents relevant to the sale. The current property value also plays an important role. If you have not yet determined the value, you can do so with our <a href=\"https:\/\/immobilien-lindstedt.de\/immobilien-marktwertanalyse\/\">Market value analysis<\/a> quickly and without obligation online.<\/p>\t\t\t\t\t\t\t\t<\/div>\n\t\t\t\t<\/div>\n\t\t\t\t\t<\/div>\n\t\t<\/div>\n\t\t\t\t\t<\/div>\n\t\t<\/section>\n\t\t\t\t<section class=\"elementor-section elementor-top-section elementor-element elementor-element-17288740 elementor-section-boxed elementor-section-height-default elementor-section-height-default\" data-id=\"17288740\" data-element_type=\"section\">\n\t\t\t\t\t\t<div class=\"elementor-container elementor-column-gap-default\">\n\t\t\t\t\t<div class=\"elementor-column elementor-col-100 elementor-top-column elementor-element elementor-element-26598a44\" data-id=\"26598a44\" data-element_type=\"column\">\n\t\t\t<div class=\"elementor-widget-wrap elementor-element-populated\">\n\t\t\t\t\t\t<div class=\"elementor-element elementor-element-515fcbe1 elementor-widget elementor-widget-text-editor\" data-id=\"515fcbe1\" data-element_type=\"widget\" data-widget_type=\"text-editor.default\">\n\t\t\t\t<div class=\"elementor-widget-container\">\n\t\t\t\t\t\t\t\t\t<script src=\"https:\/\/iframe.immowissen.org\/loader.min.js\" data-company=\"immobilien-lindstedt\" data-slug=\"unterlagen-fuer-den-verkauf\"  data-bottimmo defer><\/script>\t\t\t\t\t\t\t\t<\/div>\n\t\t\t\t<\/div>\n\t\t\t\t<div class=\"elementor-element elementor-element-3df82f42 elementor-widget elementor-widget-text-editor\" data-id=\"3df82f42\" data-element_type=\"widget\" data-widget_type=\"text-editor.default\">\n\t\t\t\t<div class=\"elementor-widget-container\">\n\t\t\t\t\t\t\t\t\t<script src=\"https:\/\/iframe.immowissen.org\/loader.min.js\" data-company=\"immobilien-lindstedt\" data-slug=\"telefonische-beratung\" data-variant=\"wizard\" data-bottimmo defer><\/script>\t\t\t\t\t\t\t\t<\/div>\n\t\t\t\t<\/div>\n\t\t\t\t\t<\/div>\n\t\t<\/div>\n\t\t\t\t\t<\/div>\n\t\t<\/section>\n\t\t\t\t<\/div>","protected":false},"excerpt":{"rendered":"<p>Pers\u00f6nlicher PDF-Download Immobilienverkauf? Diese Dokumente bereitstellen! F\u00fcr den Verkauf Ihrer Immobilie sind einige Unterlagen besonders wichtig. Mit dieser Checkliste wissen Sie genau, welche Dokumente Sie bereitstellen sollten. Aktuelles Expertenwissen In dieser Checkliste erfahren Sie: welche Dokumente Sie f\u00fcr den Verkauf ben\u00f6tigen. wo Sie die notwendigen Unterlagen anfordern k\u00f6nnen. Sorgen Sie fr\u00fchzeitig mit dem Zusammenstellen verkaufsrelevanter [&hellip;]<\/p>","protected":false},"author":1,"featured_media":315,"parent":0,"menu_order":0,"comment_status":"closed","ping_status":"closed","template":"","meta":{"footnotes":""},"class_list":["post-311","page","type-page","status-publish","has-post-thumbnail","hentry"],"_links":{"self":[{"href":"https:\/\/immobilien-lindstedt-2.bendit.de\/en\/wp-json\/wp\/v2\/pages\/311","targetHints":{"allow":["GET"]}}],"collection":[{"href":"https:\/\/immobilien-lindstedt-2.bendit.de\/en\/wp-json\/wp\/v2\/pages"}],"about":[{"href":"https:\/\/immobilien-lindstedt-2.bendit.de\/en\/wp-json\/wp\/v2\/types\/page"}],"author":[{"embeddable":true,"href":"https:\/\/immobilien-lindstedt-2.bendit.de\/en\/wp-json\/wp\/v2\/users\/1"}],"replies":[{"embeddable":true,"href":"https:\/\/immobilien-lindstedt-2.bendit.de\/en\/wp-json\/wp\/v2\/comments?post=311"}],"version-history":[{"count":4,"href":"https:\/\/immobilien-lindstedt-2.bendit.de\/en\/wp-json\/wp\/v2\/pages\/311\/revisions"}],"predecessor-version":[{"id":578,"href":"https:\/\/immobilien-lindstedt-2.bendit.de\/en\/wp-json\/wp\/v2\/pages\/311\/revisions\/578"}],"wp:featuredmedia":[{"embeddable":true,"href":"https:\/\/immobilien-lindstedt-2.bendit.de\/en\/wp-json\/wp\/v2\/media\/315"}],"wp:attachment":[{"href":"https:\/\/immobilien-lindstedt-2.bendit.de\/en\/wp-json\/wp\/v2\/media?parent=311"}],"curies":[{"name":"wp","href":"https:\/\/api.w.org\/{rel}","templated":true}]}}