{"id":246,"date":"2025-04-15T10:12:39","date_gmt":"2025-04-15T08:12:39","guid":{"rendered":"https:\/\/immobilien-lindstedt-2.bendit.de\/immobilie-attraktiver-machen\/"},"modified":"2025-04-15T10:13:28","modified_gmt":"2025-04-15T08:13:28","slug":"immobilie-attraktiver-machen","status":"publish","type":"page","link":"https:\/\/immobilien-lindstedt-2.bendit.de\/en\/making-real-estate-more-attractive\/","title":{"rendered":"Making real estate more attractive"},"content":{"rendered":"<div data-elementor-type=\"wp-page\" data-elementor-id=\"246\" class=\"elementor elementor-246\" data-elementor-post-type=\"page\">\n\t\t\t\t\t\t<section class=\"elementor-section elementor-top-section elementor-element elementor-element-6897e0e6 elementor-section-boxed elementor-section-height-default elementor-section-height-default\" data-id=\"6897e0e6\" data-element_type=\"section\">\n\t\t\t\t\t\t<div class=\"elementor-container elementor-column-gap-default\">\n\t\t\t\t\t<div class=\"elementor-column elementor-col-100 elementor-top-column elementor-element elementor-element-5b8a0fe9\" data-id=\"5b8a0fe9\" data-element_type=\"column\">\n\t\t\t<div class=\"elementor-widget-wrap elementor-element-populated\">\n\t\t\t\t\t\t<div class=\"elementor-element elementor-element-150808ad elementor-widget elementor-widget-heading\" data-id=\"150808ad\" data-element_type=\"widget\" data-widget_type=\"heading.default\">\n\t\t\t\t<div class=\"elementor-widget-container\">\n\t\t\t\t\t<div class=\"elementor-heading-title elementor-size-default\">Increasing the value of a property<\/div>\t\t\t\t<\/div>\n\t\t\t\t<\/div>\n\t\t\t\t<div class=\"elementor-element elementor-element-70ae34b1 elementor-widget elementor-widget-heading\" data-id=\"70ae34b1\" data-element_type=\"widget\" data-widget_type=\"heading.default\">\n\t\t\t\t<div class=\"elementor-widget-container\">\n\t\t\t\t\t<h5 class=\"elementor-heading-title elementor-size-default\">How to make your property look more attractive with little effort<\/h5>\t\t\t\t<\/div>\n\t\t\t\t<\/div>\n\t\t\t\t<div class=\"elementor-element elementor-element-7460ca8e elementor-widget elementor-widget-text-editor\" data-id=\"7460ca8e\" data-element_type=\"widget\" data-widget_type=\"text-editor.default\">\n\t\t\t\t<div class=\"elementor-widget-container\">\n\t\t\t\t\t\t\t\t\t<p><img fetchpriority=\"high\" decoding=\"async\" class=\"size-medium wp-image-23549 alignright\" src=\"https:\/\/immobilien-lindstedt.de\/wp-content\/uploads\/2022\/06\/ratgeber-immobilie-attraktiver-machen-300x185.jpg\" alt=\"Guide to making real estate more attractive\" width=\"300\" height=\"185\" \/>You can convince your prospective buyers of the advantages of your property with little effort.<\/p><p>When selling a property, the external image is extremely important. Potential buyers should be captivated by your property from the very first moment. The first visual impression often has a major influence on the decision for or against the property. If this is already negative, it will be difficult - especially if you want to achieve a good price.<\/p><p>There are a number of good tips to help you ensure that your property makes a great first impression, increasing the perceived value of your property to prospective buyers. But that's not all! It also increases their interest in actually buying the property. This article will show you a few cost-effective ways to make your property look more attractive to prospective buyers.<\/p><p>Bring color into play<\/p><p>Never underestimate the power that a little paint can have on the attractiveness of your property. If you can already see the years on the outside of your property due to the pale color, a new coat of paint can work wonders. Also pay attention to your front door. Is the paint already peeling there? Then improve its appearance and give it a new coat of paint.<\/p><p>A word of warning: don't overdo it with the color! Use colors that are subtle and typical for your residential area. If you prefer bold colors, then use them in the interior of your property, but even there only selectively to create interesting accents.<\/p><p>The entrance should welcome your visitors<\/p><p>Pay particular attention to your entrance. The entrance should give your visitors a pleasant welcome. So make it as attractive as possible.<\/p><p>How do you achieve this? Well, the door should be the focal point of your property's external appearance. Work with color, and think about how you can make your visitors curious about the inside of your property with beautiful lighting. It can also do no harm to invest a little money in a nice new doormat or put a few plants in beautiful pots. If it fits and you have enough space, you can also set up a table and chair.<\/p><p>All this ensures that the visitor gets a good first impression of your property.<\/p><p>Don't forget the green maintenance<\/p><p>If you have grass on your property, make sure it is freshly mowed and free of weeds. If it has bare patches, mend them or conceal the blemish by placing a beautiful plant there. A beautifully manicured lawn is incredibly attractive to people. You should definitely take advantage of this! Don't leave anything on the lawn so that it can unfold its full splendor.<\/p><p>If you have a slightly larger lawn in front of your property with nothing on it, you could consider planting a small tree. This will add interest and further enhance your property.<\/p><p>These are just a few of the many inexpensive ways to make your property look more attractive to prospective buyers. If you would like more tips, please contact us.<\/p>\t\t\t\t\t\t\t\t<\/div>\n\t\t\t\t<\/div>\n\t\t\t\t\t<\/div>\n\t\t<\/div>\n\t\t\t\t\t<\/div>\n\t\t<\/section>\n\t\t\t\t<section class=\"elementor-section elementor-top-section elementor-element elementor-element-42c57981 elementor-section-boxed elementor-section-height-default elementor-section-height-default\" data-id=\"42c57981\" data-element_type=\"section\">\n\t\t\t\t\t\t<div class=\"elementor-container elementor-column-gap-default\">\n\t\t\t\t\t<div class=\"elementor-column elementor-col-100 elementor-top-column elementor-element elementor-element-4f745c27\" data-id=\"4f745c27\" data-element_type=\"column\">\n\t\t\t<div class=\"elementor-widget-wrap elementor-element-populated\">\n\t\t\t\t\t\t<div class=\"elementor-element elementor-element-1ba332e5 elementor-widget elementor-widget-text-editor\" data-id=\"1ba332e5\" data-element_type=\"widget\" data-widget_type=\"text-editor.default\">\n\t\t\t\t<div class=\"elementor-widget-container\">\n\t\t\t\t\t\t\t\t\t<p>\n<div class=\"wpcf7 no-js\" id=\"wpcf7-f4284-o1\" lang=\"de-DE\" dir=\"ltr\" data-wpcf7-id=\"4284\">\n<div class=\"screen-reader-response\"><p role=\"status\" aria-live=\"polite\" aria-atomic=\"true\"><\/p> <ul><\/ul><\/div>\n<form action=\"\/en\/wp-json\/wp\/v2\/pages\/246#wpcf7-f4284-o1\" method=\"post\" class=\"wpcf7-form init\" aria-label=\"Contact form\" novalidate=\"novalidate\" data-status=\"init\" data-trp-original-action=\"\/en\/wp-json\/wp\/v2\/pages\/246#wpcf7-f4284-o1\">\n<div style=\"display: none;\">\n<input type=\"hidden\" name=\"_wpcf7\" value=\"4284\" \/>\n<input type=\"hidden\" name=\"_wpcf7_version\" value=\"6.0.6\" \/>\n<input type=\"hidden\" name=\"_wpcf7_locale\" value=\"de_DE_formal\" \/>\n<input type=\"hidden\" name=\"_wpcf7_unit_tag\" value=\"wpcf7-f4284-o1\" \/>\n<input type=\"hidden\" name=\"_wpcf7_container_post\" value=\"0\" \/>\n<input type=\"hidden\" name=\"_wpcf7_posted_data_hash\" value=\"\" \/>\n<\/div>\n<h5>Would you like to receive the entire guide?\n<\/h5>\n<p>Then request it from us free of charge. Please fill out the form:\n<\/p>\n<p><label> e-mail*<br \/>\n<span class=\"wpcf7-form-control-wrap\" data-name=\"email\"><input size=\"40\" maxlength=\"400\" class=\"wpcf7-form-control wpcf7-email wpcf7-validates-as-required wpcf7-text wpcf7-validates-as-email\" aria-required=\"true\" aria-invalid=\"false\" value=\"\" type=\"email\" name=\"email\" \/><\/span> <\/label>\n<\/p>\n<p><label> First name*<br \/>\n<span class=\"wpcf7-form-control-wrap\" data-name=\"firstname\"><input size=\"40\" maxlength=\"400\" class=\"wpcf7-form-control wpcf7-text wpcf7-validates-as-required\" aria-required=\"true\" aria-invalid=\"false\" value=\"\" type=\"text\" name=\"firstname\" \/><\/span> <\/label>\n<\/p>\n<p><label> Surname*<br \/>\n<span class=\"wpcf7-form-control-wrap\" data-name=\"lastname\"><input size=\"40\" maxlength=\"400\" class=\"wpcf7-form-control wpcf7-text wpcf7-validates-as-required\" aria-required=\"true\" aria-invalid=\"false\" value=\"\" type=\"text\" name=\"lastname\" \/><\/span> <\/label>\n<\/p>\n<p><label> Street*<br \/>\n<span class=\"wpcf7-form-control-wrap\" data-name=\"street\"><input size=\"40\" maxlength=\"400\" class=\"wpcf7-form-control wpcf7-text wpcf7-validates-as-required\" aria-required=\"true\" aria-invalid=\"false\" value=\"\" type=\"text\" name=\"street\" \/><\/span> <\/label>\n<\/p>\n<p><label> POSTCODE*<br \/>\n<span class=\"wpcf7-form-control-wrap\" data-name=\"zip\"><input size=\"40\" maxlength=\"400\" class=\"wpcf7-form-control wpcf7-text wpcf7-validates-as-required feld-plz\" aria-required=\"true\" aria-invalid=\"false\" value=\"\" type=\"text\" name=\"zip\" \/><\/span> <\/label>\n<\/p>\n<p><label> Place*<br \/>\n<span class=\"wpcf7-form-control-wrap\" data-name=\"city\"><input size=\"40\" maxlength=\"400\" class=\"wpcf7-form-control wpcf7-text wpcf7-validates-as-required feld-ort\" aria-required=\"true\" aria-invalid=\"false\" value=\"\" type=\"text\" name=\"city\" \/><\/span> <\/label>\n<\/p>\n<p><label> Telephone<br \/>\n<span class=\"wpcf7-form-control-wrap\" data-name=\"phone\"><input size=\"40\" maxlength=\"400\" class=\"wpcf7-form-control wpcf7-text\" aria-invalid=\"false\" value=\"\" type=\"text\" name=\"phone\" \/><\/span> <\/label>\n<\/p>\n<p><label> Your message (optional)<br \/>\n<span class=\"wpcf7-form-control-wrap\" data-name=\"message\"><textarea cols=\"40\" rows=\"10\" maxlength=\"2000\" class=\"wpcf7-form-control wpcf7-textarea\" aria-invalid=\"false\" name=\"message\"><\/textarea><\/span> <\/label>\n<\/p>\n<p><span class=\"wpcf7-form-control-wrap\" data-name=\"privacy-policy\"><span class=\"wpcf7-form-control wpcf7-acceptance\"><span class=\"wpcf7-list-item\"><label><input type=\"checkbox\" name=\"privacy-policy\" value=\"1\" aria-invalid=\"false\" \/><span class=\"wpcf7-list-item-label\">I have the <a href=\"https:\/\/immobilien-lindstedt-2.bendit.de\/en\/data-protection\/\" target=\"_blank\">Information on data protection<\/a> read. I agree that the data entered in this contact form will be stored electronically and may be used to contact me. I am aware that I can terminate this agreement at any time.<\/span><\/label><\/span><\/span><\/span>\n<\/p>\n<input class=\"wpcf7-form-control wpcf7-hidden\" value=\"Immobilie attraktiver machen\" type=\"hidden\" name=\"destination-topic\" \/>\n<p>[recaptcha]<input class=\"wpcf7-form-control wpcf7-submit has-spinner\" type=\"submit\" value=\"Send\" \/>\n<\/p><div class=\"wpcf7-response-output\" aria-hidden=\"true\"><\/div>\n<input type=\"hidden\" name=\"trp-form-language\" value=\"en\"\/><\/form>\n<\/div>\n<\/p>\t\t\t\t\t\t\t\t<\/div>\n\t\t\t\t<\/div>\n\t\t\t\t\t<\/div>\n\t\t<\/div>\n\t\t\t\t\t<\/div>\n\t\t<\/section>\n\t\t\t\t<section class=\"elementor-section elementor-top-section elementor-element elementor-element-18e737a elementor-section-boxed elementor-section-height-default elementor-section-height-default\" data-id=\"18e737a\" data-element_type=\"section\">\n\t\t\t\t\t\t<div class=\"elementor-container elementor-column-gap-default\">\n\t\t\t\t\t<div class=\"elementor-column elementor-col-100 elementor-top-column elementor-element elementor-element-bbb2c4d\" data-id=\"bbb2c4d\" data-element_type=\"column\">\n\t\t\t<div class=\"elementor-widget-wrap elementor-element-populated\">\n\t\t\t\t\t\t<div class=\"elementor-element elementor-element-36867905 elementor-widget elementor-widget-text-editor\" data-id=\"36867905\" data-element_type=\"widget\" data-widget_type=\"text-editor.default\">\n\t\t\t\t<div class=\"elementor-widget-container\">\n\t\t\t\t\t\t\t\t\t<script src=\"https:\/\/iframe.immowissen.org\/loader.min.js\" data-company=\"immobilien-lindstedt\" data-slug=\"energieausweis\"  data-bottimmo defer><\/script>\t\t\t\t\t\t\t\t<\/div>\n\t\t\t\t<\/div>\n\t\t\t\t<div class=\"elementor-element elementor-element-6ef8b7d6 elementor-widget elementor-widget-text-editor\" data-id=\"6ef8b7d6\" data-element_type=\"widget\" data-widget_type=\"text-editor.default\">\n\t\t\t\t<div class=\"elementor-widget-container\">\n\t\t\t\t\t\t\t\t\t<p><script src=\"https:\/\/iframe.immowissen.org\/loader.min.js\" data-company=\"immobilien-lindstedt\" data-slug=\"telefonische-beratung\" data-variant=\"wizard\" data-bottimmo defer><\/script><\/p>\t\t\t\t\t\t\t\t<\/div>\n\t\t\t\t<\/div>\n\t\t\t\t\t<\/div>\n\t\t<\/div>\n\t\t\t\t\t<\/div>\n\t\t<\/section>\n\t\t\t\t<\/div>","protected":false},"excerpt":{"rendered":"<p>Wertsteigerung einer Immobilie Wie Ihre Immobilie mit geringem Aufwand attraktiver aussieht Sie k\u00f6nnen mit wenig Aufwand Ihre Interessenten von den Vorz\u00fcgen Ihrer Immobilie \u00fcberzeugen. Bei einem Immobilienverkauf ist die Au\u00dfenwirkung enorm wichtig. Potenzielle K\u00e4ufer sollen vom ersten Moment an von Ihrer Immobilie gefesselt sein. Der erste optische Eindruck hat h\u00e4ufig einen gro\u00dfen Einfluss auf die [&hellip;]<\/p>","protected":false},"author":1,"featured_media":249,"parent":0,"menu_order":0,"comment_status":"closed","ping_status":"closed","template":"","meta":{"footnotes":""},"class_list":["post-246","page","type-page","status-publish","has-post-thumbnail","hentry"],"_links":{"self":[{"href":"https:\/\/immobilien-lindstedt-2.bendit.de\/en\/wp-json\/wp\/v2\/pages\/246","targetHints":{"allow":["GET"]}}],"collection":[{"href":"https:\/\/immobilien-lindstedt-2.bendit.de\/en\/wp-json\/wp\/v2\/pages"}],"about":[{"href":"https:\/\/immobilien-lindstedt-2.bendit.de\/en\/wp-json\/wp\/v2\/types\/page"}],"author":[{"embeddable":true,"href":"https:\/\/immobilien-lindstedt-2.bendit.de\/en\/wp-json\/wp\/v2\/users\/1"}],"replies":[{"embeddable":true,"href":"https:\/\/immobilien-lindstedt-2.bendit.de\/en\/wp-json\/wp\/v2\/comments?post=246"}],"version-history":[{"count":4,"href":"https:\/\/immobilien-lindstedt-2.bendit.de\/en\/wp-json\/wp\/v2\/pages\/246\/revisions"}],"predecessor-version":[{"id":550,"href":"https:\/\/immobilien-lindstedt-2.bendit.de\/en\/wp-json\/wp\/v2\/pages\/246\/revisions\/550"}],"wp:featuredmedia":[{"embeddable":true,"href":"https:\/\/immobilien-lindstedt-2.bendit.de\/en\/wp-json\/wp\/v2\/media\/249"}],"wp:attachment":[{"href":"https:\/\/immobilien-lindstedt-2.bendit.de\/en\/wp-json\/wp\/v2\/media?parent=246"}],"curies":[{"name":"wp","href":"https:\/\/api.w.org\/{rel}","templated":true}]}}